{"id":505,"date":"2024-03-12T09:36:38","date_gmt":"2024-03-12T09:36:38","guid":{"rendered":"https:\/\/optimus.qsandbox.com\/zqs\/qbcj\/site\/zakra-restaurant\/?page_id=505"},"modified":"2026-02-17T18:19:00","modified_gmt":"2026-02-17T18:19:00","slug":"home","status":"publish","type":"page","link":"https:\/\/budorem.com\/","title":{"rendered":"Home"},"content":{"rendered":"\n<div class=\"blockart-section blockart-section-95dfa7b9\"><div class=\"blockart-overlay\"><\/div><div class=\"blockart-container\"><div class=\"blockart-section-inner\">\n<div class=\"blockart-column blockart-column-cc13c760\"><div class=\"blockart-column-inner\"><\/div><\/div>\n\n\n\n<div class=\"blockart-column blockart-column-7164cd44\"><div class=\"blockart-column-inner\">\n<div class=\"wp-block-group is-vertical is-content-justification-center is-nowrap is-layout-flex wp-container-core-group-is-layout-6a80f1d4 wp-block-group-is-layout-flex\" style=\"padding-top:0px;padding-bottom:0px\">\n<figure class=\"blockart-image blockart-image-d0f9928d\"><img loading=\"lazy\" decoding=\"async\" class=\"wp-image-1651 hover-effect-static filter-none mask mask-none\" src=\"https:\/\/budorem.com\/wp-content\/uploads\/2026\/01\/shortLogoBlackWhite.png\" alt=\"\" height=\"1024\" width=\"1024\" srcset=\"https:\/\/budorem.com\/wp-content\/uploads\/2026\/01\/shortLogoBlackWhite.png 1024w, https:\/\/budorem.com\/wp-content\/uploads\/2026\/01\/shortLogoBlackWhite-300x300.png 300w, https:\/\/budorem.com\/wp-content\/uploads\/2026\/01\/shortLogoBlackWhite-150x150.png 150w, https:\/\/budorem.com\/wp-content\/uploads\/2026\/01\/shortLogoBlackWhite-768x768.png 768w\" sizes=\"auto, (max-width: 1024px) 100vw, 1024px\" \/><\/figure>\n\n\n\n<p class=\"blockart-paragraph blockart-paragraph-06c13fcf\"><strong>Budorem Developer<\/strong> to do\u015bwiadczenie i solidno\u015b\u0107 w realizacji inwestycji mieszkaniowych. \u015awiadczymy kompleksowe us\u0142ugi deweloperskie oraz roboty og\u00f3lnobudowlane, stawiaj\u0105c na jako\u015b\u0107 wykonania i nowoczesne rozwi\u0105zania. Tworzymy przestrzenie, w kt\u00f3rych chce si\u0119 \u017cy\u0107.<\/p>\n\n\n\n<div class=\"blockart-buttons blockart-buttons-2576eaa6 is-wrap justify-center align-center\">\n<div class=\"blockart-button blockart-button-1a3c6395 \"><a class=\"blockart-button-link is-custom is-style-filled\" href=\"https:\/\/budorem.com\/?page_id=1960\">INWESTYCJE W REALIZACJI<\/a><\/div>\n<\/div>\n<\/div>\n<\/div><\/div>\n\n\n\n<div class=\"blockart-column blockart-column-62f024d8\"><div class=\"blockart-column-inner\"><\/div><\/div>\n<\/div><\/div><\/div>\n\n\n\n<div class=\"alignfull blockart-section blockart-section-7b7d72d2 alignfull\"><div class=\"blockart-container-fluid\"><div class=\"blockart-section-inner\">\n<div class=\"blockart-column blockart-column-2d88bbed\"><div class=\"blockart-column-inner\">\n<figure class=\"blockart-image blockart-image-837be2d7\"><img loading=\"lazy\" decoding=\"async\" class=\"wp-image-1695 hover-effect-static filter-none mask mask-none\" src=\"https:\/\/budorem.com\/wp-content\/uploads\/2026\/01\/g2-1.png\" alt=\"\" height=\"1024\" width=\"1536\" srcset=\"https:\/\/budorem.com\/wp-content\/uploads\/2026\/01\/g2-1.png 1536w, https:\/\/budorem.com\/wp-content\/uploads\/2026\/01\/g2-1-300x200.png 300w, https:\/\/budorem.com\/wp-content\/uploads\/2026\/01\/g2-1-1024x683.png 1024w, https:\/\/budorem.com\/wp-content\/uploads\/2026\/01\/g2-1-768x512.png 768w\" sizes=\"auto, (max-width: 1536px) 100vw, 1536px\" \/><\/figure>\n<\/div><\/div>\n\n\n\n<div class=\"blockart-column blockart-column-8e10f2f6\"><div class=\"blockart-column-inner\">\n<div class=\"wp-block-group is-vertical is-content-justification-center is-nowrap is-layout-flex wp-container-core-group-is-layout-a996b2b0 wp-block-group-is-layout-flex\" style=\"margin-top:0px;margin-bottom:0px;padding-top:35px;padding-right:0;padding-bottom:35px;padding-left:0\">\n<div class=\"wp-block-group is-vertical is-content-justification-center is-nowrap is-layout-flex wp-container-core-group-is-layout-b4e09351 wp-block-group-is-layout-flex\" style=\"padding-top:0px;padding-bottom:0px\">\n<h2 class=\"blockart-heading blockart-heading-22164462\">BUDOREM DEVELOPER sp. z o.o.<\/h2>\n\n\n\n<figure class=\"wp-block-image aligncenter size-full is-resized\"><a href=\"https:\/\/budorem.com\/wp-content\/uploads\/2026\/01\/10008-1.png\"><img loading=\"lazy\" decoding=\"async\" width=\"205\" height=\"9\" src=\"https:\/\/budorem.com\/wp-content\/uploads\/2026\/01\/10008-1.png\" alt=\"\" class=\"wp-image-1762\" style=\"width:210px;height:auto\"\/><\/a><\/figure>\n<\/div>\n\n\n\n<div class=\"wp-block-group is-vertical is-content-justification-center is-nowrap is-layout-flex wp-container-core-group-is-layout-79556392 wp-block-group-is-layout-flex\" style=\"padding-right:0;padding-left:0\">\n<p class=\"blockart-paragraph blockart-paragraph-0ce31a33\"><strong>Budorem Developer sp z o.o.<\/strong> to do\u015bwiadczenie i solidno\u015b\u0107 w realizacji inwestycji mieszkaniowych. \u015awiadczymy kompleksowe us\u0142ugi deweloperskie oraz roboty og\u00f3lnobudowlane, stawiaj\u0105c na jako\u015b\u0107 wykonania i nowoczesne rozwi\u0105zania. <br><br><strong>Tworzymy przestrzenie, w kt\u00f3rych chce si\u0119 \u017cy\u0107.<\/strong><\/p>\n\n\n\n<div class=\"blockart-buttons blockart-buttons-5b78abe6 is-wrap justify-center align-center\">\n<div class=\"blockart-button blockart-button-693f3db9 \"><a class=\"blockart-button-link is-custom is-style-filled\" href=\"https:\/\/budorem.com\/?page_id=507\">O FIRMIE<\/a><\/div>\n<\/div>\n<\/div>\n<\/div>\n<\/div><\/div>\n<\/div><\/div><\/div>\n\n\n\n<div class=\"alignfull blockart-section blockart-section-a76f8cf6 alignfull\"><div class=\"blockart-container-fluid\"><div class=\"blockart-section-inner\">\n<div class=\"blockart-column blockart-column-0ad47c0f\"><div class=\"blockart-column-inner\">\n<div class=\"wp-block-group is-vertical is-content-justification-center is-nowrap is-layout-flex wp-container-core-group-is-layout-20075ec6 wp-block-group-is-layout-flex\" style=\"margin-top:0px;margin-bottom:0px;padding-top:35px;padding-bottom:35px\">\n<div class=\"wp-block-group is-vertical is-content-justification-center is-nowrap is-layout-flex wp-container-core-group-is-layout-b4e09351 wp-block-group-is-layout-flex\" style=\"padding-top:0px;padding-bottom:0px\">\n<h2 class=\"blockart-heading blockart-heading-53fbebad\">DO\u015aWIADCZENIE<\/h2>\n\n\n\n<figure class=\"wp-block-image aligncenter size-full is-resized\"><a href=\"https:\/\/budorem.com\/wp-content\/uploads\/2026\/01\/10008-1.png\"><img loading=\"lazy\" decoding=\"async\" width=\"205\" height=\"9\" src=\"https:\/\/budorem.com\/wp-content\/uploads\/2026\/01\/10008-1.png\" alt=\"\" class=\"wp-image-1762\" style=\"width:210px;height:auto\"\/><\/a><\/figure>\n<\/div>\n\n\n\n<div class=\"wp-block-group is-vertical is-content-justification-center is-nowrap is-layout-flex wp-container-core-group-is-layout-e32ed350 wp-block-group-is-layout-flex\" style=\"padding-right:0;padding-left:0\">\n<p class=\"blockart-paragraph blockart-paragraph-a3194421\">Specjalizujemy si\u0119 zar\u00f3wno w inwestycjach deweloperskich, jak i kompleksowych us\u0142ugach og\u00f3lnobudowlanych, realizuj\u0105c projekty od etapu fundament\u00f3w a\u017c po stan pod klucz. Ka\u017cde przedsi\u0119wzi\u0119cie opieramy na najnowocze\u015bniejszych technologiach, sprawdzonych rozwi\u0105zaniach oraz wysokich standardach wykonania. <br><br>Dzi\u0119ki wieloletniemu do\u015bwiadczeniu i rozleg\u0142ej wiedzy bran\u017cowej zapewniamy solidno\u015b\u0107, trwa\u0142o\u015b\u0107 oraz terminowo\u015b\u0107 realizacji. <br><br><strong>Dzia\u0142amy na terenie Rybnika, \u017bor oraz ca\u0142ego \u015al\u0105ska, oferuj\u0105c kompleksow\u0105 obs\u0142ug\u0119 inwestycji i indywidualne podej\u015bcie do ka\u017cdego projektu.<\/strong><\/p>\n\n\n\n<div class=\"blockart-buttons blockart-buttons-a00a0631 is-wrap justify-center align-center\">\n<div class=\"blockart-button blockart-button-80d3896c \"><a class=\"blockart-button-link is-custom is-style-filled\" href=\"https:\/\/budorem.com\/?page_id=1949\">OFERTA<\/a><\/div>\n<\/div>\n<\/div>\n<\/div>\n<\/div><\/div>\n\n\n\n<div class=\"blockart-column blockart-column-f05ca0fa\"><div class=\"blockart-column-inner\">\n<figure class=\"blockart-image blockart-image-44535486\"><img loading=\"lazy\" decoding=\"async\" class=\"wp-image-1976 hover-effect-static filter-none mask mask-none\" src=\"https:\/\/budorem.com\/wp-content\/uploads\/2026\/02\/FAMILIARIS-V_wiz-1_gotowe.png\" alt=\"\" height=\"540\" width=\"960\" srcset=\"https:\/\/budorem.com\/wp-content\/uploads\/2026\/02\/FAMILIARIS-V_wiz-1_gotowe.png 960w, https:\/\/budorem.com\/wp-content\/uploads\/2026\/02\/FAMILIARIS-V_wiz-1_gotowe-300x169.png 300w, https:\/\/budorem.com\/wp-content\/uploads\/2026\/02\/FAMILIARIS-V_wiz-1_gotowe-768x432.png 768w\" sizes=\"auto, (max-width: 960px) 100vw, 960px\" \/><\/figure>\n<\/div><\/div>\n<\/div><\/div><\/div>\n\n\n\n<div class=\"alignfull blockart-section blockart-section-5ede797c alignfull\"><div class=\"blockart-overlay\"><\/div><div class=\"blockart-container\"><div class=\"blockart-section-inner\">\n<div class=\"blockart-column blockart-column-b7aa42f9\"><div class=\"blockart-column-inner\">\n<div class=\"wp-block-group is-vertical is-content-justification-center is-nowrap is-layout-flex wp-container-core-group-is-layout-97b5c35f wp-block-group-is-layout-flex\" style=\"padding-top:100px;padding-bottom:100px\">\n<h2 class=\"blockart-heading blockart-heading-be8818bf\">Oferta<\/h2>\n\n\n\n<figure class=\"wp-block-image aligncenter size-full is-resized\"><a href=\"https:\/\/budorem.com\/wp-content\/uploads\/2026\/01\/10008-1.png\"><img loading=\"lazy\" decoding=\"async\" width=\"205\" height=\"9\" src=\"https:\/\/budorem.com\/wp-content\/uploads\/2026\/01\/10008-1.png\" alt=\"\" class=\"wp-image-1762\" style=\"width:210px;height:auto\"\/><\/a><\/figure>\n<\/div>\n<\/div><\/div>\n<\/div><\/div><\/div>\n\n\n\n<div class=\"blockart-section blockart-section-242bdd39\"><div class=\"blockart-container\"><div class=\"blockart-section-inner\">\n<div class=\"blockart-column blockart-column-a53880dd\"><div class=\"blockart-column-inner\">\n<div class=\"wp-block-group has-white-background-color has-background is-vertical is-content-justification-stretch is-layout-flex wp-container-core-group-is-layout-22524d1c wp-block-group-is-layout-flex\" style=\"margin-top:0;margin-bottom:0;padding-top:0;padding-right:0;padding-bottom:0;padding-left:0\">\n<figure class=\"blockart-image blockart-image-d19fece2\"><img loading=\"lazy\" decoding=\"async\" class=\"wp-image-1770 hover-effect-static filter-none mask mask-none\" src=\"https:\/\/budorem.com\/wp-content\/uploads\/2026\/01\/img1-3.png\" alt=\"\" height=\"1024\" width=\"1536\" srcset=\"https:\/\/budorem.com\/wp-content\/uploads\/2026\/01\/img1-3.png 1536w, https:\/\/budorem.com\/wp-content\/uploads\/2026\/01\/img1-3-300x200.png 300w, https:\/\/budorem.com\/wp-content\/uploads\/2026\/01\/img1-3-1024x683.png 1024w, https:\/\/budorem.com\/wp-content\/uploads\/2026\/01\/img1-3-768x512.png 768w\" sizes=\"auto, (max-width: 1536px) 100vw, 1536px\" \/><\/figure>\n\n\n\n<div class=\"wp-block-group is-vertical is-content-justification-center is-nowrap is-layout-flex wp-container-core-group-is-layout-7de365d9 wp-block-group-is-layout-flex\" style=\"margin-top:0;margin-bottom:0;padding-top:30px;padding-right:20px;padding-bottom:30px;padding-left:20px\">\n<div class=\"wp-block-group is-vertical is-nowrap is-layout-flex wp-container-core-group-is-layout-126bc154 wp-block-group-is-layout-flex\" style=\"margin-top:0;margin-bottom:0\">\n<h2 class=\"blockart-heading blockart-heading-e6e72fba\">INWESTYCJE W REALIZACJI<\/h2>\n<\/div>\n\n\n\n<h2 class=\"blockart-heading blockart-heading-628fa32a\">Zapoznaj si\u0119 z inwestycjami kt\u00f3re aktualnie s\u0105 w realizacji.<br><\/h2>\n\n\n\n<div class=\"wp-block-buttons is-content-justification-center is-layout-flex wp-container-core-buttons-is-layout-a89b3969 wp-block-buttons-is-layout-flex\">\n<div class=\"wp-block-button is-style-fill\"><a class=\"wp-block-button__link has-zakra-color-3-color has-vivid-red-background-color has-text-color has-background has-link-color wp-element-button\" href=\"https:\/\/budorem.com\/?page_id=1960\">Czytaj wi\u0119cej<\/a><\/div>\n<\/div>\n<\/div>\n<\/div>\n<\/div><\/div>\n\n\n\n<div class=\"blockart-column blockart-column-d5e6e570\"><div class=\"blockart-column-inner\">\n<div class=\"wp-block-group has-white-background-color has-background is-vertical is-content-justification-stretch is-layout-flex wp-container-core-group-is-layout-22524d1c wp-block-group-is-layout-flex\" style=\"margin-top:0;margin-bottom:0;padding-top:0;padding-right:0;padding-bottom:0;padding-left:0\">\n<figure class=\"blockart-image blockart-image-1d575b1b\"><img loading=\"lazy\" decoding=\"async\" class=\"wp-image-1695 hover-effect-static filter-none mask mask-none\" src=\"https:\/\/budorem.com\/wp-content\/uploads\/2026\/01\/g2-1.png\" alt=\"\" height=\"1024\" width=\"1536\" srcset=\"https:\/\/budorem.com\/wp-content\/uploads\/2026\/01\/g2-1.png 1536w, https:\/\/budorem.com\/wp-content\/uploads\/2026\/01\/g2-1-300x200.png 300w, https:\/\/budorem.com\/wp-content\/uploads\/2026\/01\/g2-1-1024x683.png 1024w, https:\/\/budorem.com\/wp-content\/uploads\/2026\/01\/g2-1-768x512.png 768w\" sizes=\"auto, (max-width: 1536px) 100vw, 1536px\" \/><\/figure>\n\n\n\n<div class=\"wp-block-group is-vertical is-content-justification-center is-nowrap is-layout-flex wp-container-core-group-is-layout-7de365d9 wp-block-group-is-layout-flex\" style=\"margin-top:0;margin-bottom:0;padding-top:30px;padding-right:20px;padding-bottom:30px;padding-left:20px\">\n<div class=\"wp-block-group is-vertical is-nowrap is-layout-flex wp-container-core-group-is-layout-126bc154 wp-block-group-is-layout-flex\" style=\"margin-top:0;margin-bottom:0\">\n<h2 class=\"blockart-heading blockart-heading-bedce5e8\">INWESTYCJE NA SPRZEDA\u017b<\/h2>\n<\/div>\n\n\n\n<h2 class=\"blockart-heading blockart-heading-22afcc8d\">Sprawd\u017a list\u0119 zrealizowanych i wystawionych na sprzeda\u017c inwestycji.<\/h2>\n\n\n\n<div class=\"wp-block-buttons is-content-justification-center is-layout-flex wp-container-core-buttons-is-layout-a89b3969 wp-block-buttons-is-layout-flex\">\n<div class=\"wp-block-button is-style-fill\"><a class=\"wp-block-button__link has-zakra-color-3-color has-vivid-red-background-color has-text-color has-background has-link-color wp-element-button\" href=\"https:\/\/budorem.com\/?page_id=1777\">Czytaj wi\u0119cej<\/a><\/div>\n<\/div>\n<\/div>\n<\/div>\n<\/div><\/div>\n\n\n\n<div class=\"blockart-column blockart-column-aab81b78\"><div class=\"blockart-column-inner\">\n<div class=\"wp-block-group has-white-background-color has-background is-vertical is-content-justification-stretch is-layout-flex wp-container-core-group-is-layout-22524d1c wp-block-group-is-layout-flex\" style=\"margin-top:0;margin-bottom:0;padding-top:0;padding-right:0;padding-bottom:0;padding-left:0\">\n<figure class=\"blockart-image blockart-image-b3a8da9c\"><img loading=\"lazy\" decoding=\"async\" class=\"wp-image-1771 hover-effect-static filter-none mask mask-none\" src=\"https:\/\/budorem.com\/wp-content\/uploads\/2026\/01\/img2-2.png\" alt=\"\" height=\"1024\" width=\"1536\" srcset=\"https:\/\/budorem.com\/wp-content\/uploads\/2026\/01\/img2-2.png 1536w, https:\/\/budorem.com\/wp-content\/uploads\/2026\/01\/img2-2-300x200.png 300w, https:\/\/budorem.com\/wp-content\/uploads\/2026\/01\/img2-2-1024x683.png 1024w, https:\/\/budorem.com\/wp-content\/uploads\/2026\/01\/img2-2-768x512.png 768w\" sizes=\"auto, (max-width: 1536px) 100vw, 1536px\" \/><\/figure>\n\n\n\n<div class=\"wp-block-group is-vertical is-content-justification-center is-nowrap is-layout-flex wp-container-core-group-is-layout-7de365d9 wp-block-group-is-layout-flex\" style=\"margin-top:0;margin-bottom:0;padding-top:30px;padding-right:20px;padding-bottom:30px;padding-left:20px\">\n<div class=\"wp-block-group is-vertical is-nowrap is-layout-flex wp-container-core-group-is-layout-126bc154 wp-block-group-is-layout-flex\" style=\"margin-top:0;margin-bottom:0\">\n<h2 class=\"blockart-heading blockart-heading-90c34eef\">US\u0141UGI BUDOWLANE<\/h2>\n<\/div>\n\n\n\n<h2 class=\"blockart-heading blockart-heading-61337af2\">Nasza firma realizuje r\u00f3wnie\u017c us\u0142ugi og\u00f3lnobudowlane. <\/h2>\n\n\n\n<div class=\"wp-block-buttons is-content-justification-center is-layout-flex wp-container-core-buttons-is-layout-a89b3969 wp-block-buttons-is-layout-flex\">\n<div class=\"wp-block-button is-style-fill\"><a class=\"wp-block-button__link has-zakra-color-3-color has-vivid-red-background-color has-text-color has-background has-link-color wp-element-button\" href=\"https:\/\/budorem.com\/?page_id=1949\">Czytaj wi\u0119cej<\/a><\/div>\n<\/div>\n<\/div>\n<\/div>\n<\/div><\/div>\n<\/div><\/div><\/div>\n\n\n\n<div class=\"alignfull blockart-section blockart-section-4ffd78bb alignfull\"><div class=\"blockart-container-fluid\"><div class=\"blockart-section-inner\">\n<div class=\"blockart-column blockart-column-83c6cb37\"><div class=\"blockart-column-inner\">\n<div class=\"wp-block-group is-vertical is-content-justification-center is-nowrap is-layout-flex wp-container-core-group-is-layout-bc45d8bc wp-block-group-is-layout-flex\" style=\"padding-top:24px;padding-bottom:24px\">\n<h2 class=\"blockart-heading blockart-heading-4537b929\">Inwestycje w realizacji<\/h2>\n\n\n\n<figure class=\"blockart-image blockart-image-db95bd41\"><img loading=\"lazy\" decoding=\"async\" class=\"wp-image-1762 hover-effect-static filter-none mask mask-none\" src=\"https:\/\/budorem.com\/wp-content\/uploads\/2026\/01\/10008-1.png\" alt=\"\" height=\"9\" width=\"205\"\/><\/figure>\n<\/div>\n<\/div><\/div>\n\n\n\n<div class=\"blockart-column blockart-column-209931f0\"><div class=\"blockart-column-inner is-horizontal is-flex\">\n<div class=\"blockart-spacing blockart-spacing-bf60cc42\"><div class=\"blockart-spacing-inner\"><\/div><\/div>\n<\/div><\/div>\n\n\n\n<div class=\"blockart-column blockart-column-57449c4d\"><div class=\"blockart-column-inner\">\n<div class=\"blockart-section blockart-section-c3e6e05a\"><div class=\"blockart-container\"><div class=\"blockart-section-inner\">\n<div class=\"blockart-column blockart-column-d5ed6a00\"><div class=\"blockart-column-inner\">\n<h2 class=\"blockart-heading blockart-heading-598181a4 is-small\">DOMY SUSZEC \u017bWIROWA<\/h2>\n\n\n\n<p class=\"blockart-paragraph blockart-paragraph-805d5f02 ba-typography-primary\">Tw\u00f3j dom w sercu zielonej ciszy<\/p>\n\n\n\n<p class=\"blockart-paragraph blockart-paragraph-daeac10c\">W spokojnej, otulonej zieleni\u0105 miejscowo\u015bci <strong>Suszec<\/strong> \u2013 zaledwie kilkana\u015bcie minut od Pszczyny i \u017bor \u2013 powstaj\u0105 nowoczesne, funkcjonalne domy jednorodzinne w kameralnej zabudowie. To miejsce, w kt\u00f3rym s\u0142ycha\u0107 \u015bpiew ptak\u00f3w zamiast miejskiego ha\u0142asu, a do centrum aglomeracji masz naprawd\u0119 blisko.<br><br>Je\u015bli marzysz o domu z ogrodem i tarasem \u2013 w otoczeniu las\u00f3w, p\u00f3l i staw\u00f3w \u2013 <strong> nowy domy w Suszcu na ul. \u017bwirowej<\/strong> w\u0142a\u015bnie dla Ciebie.<br><br><\/p>\n\n\n\n<div class=\"blockart-buttons blockart-buttons-7d1da429 is-wrap justify-center align-center\">\n<div class=\"blockart-button blockart-button-b0831c3f \"><a class=\"blockart-button-link is-custom is-style-filled\" href=\"https:\/\/budorem.com\/?page_id=1960\">Przejd\u017a do inwestycji<\/a><\/div>\n<\/div>\n<\/div><\/div>\n<\/div><\/div><\/div>\n<\/div><\/div>\n<\/div><\/div><\/div>\n\n\n\n<div class=\"blockart-section blockart-section-61796a70\"><div class=\"blockart-container\"><div class=\"blockart-section-inner\">\n<div class=\"blockart-column blockart-column-5af1c0b0\"><div class=\"blockart-column-inner\">\n<div class=\"wp-block-group is-vertical is-content-justification-center is-nowrap is-layout-flex wp-container-core-group-is-layout-bc45d8bc wp-block-group-is-layout-flex\" style=\"padding-top:24px;padding-bottom:24px\">\n<h2 class=\"blockart-heading blockart-heading-22ac43d3\">Wizualizacja dom\u00f3w suszec \u017bwirowa<\/h2>\n\n\n\n<figure class=\"blockart-image blockart-image-000a3f69\"><img loading=\"lazy\" decoding=\"async\" class=\"wp-image-1762 hover-effect-static filter-none mask mask-none\" src=\"https:\/\/budorem.com\/wp-content\/uploads\/2026\/01\/10008-1.png\" alt=\"\" height=\"9\" width=\"205\"\/><\/figure>\n\n\n\n<div class=\"blockart-image-gallery blockart-image-gallery-1dcf472a\"><div class=\"blockart-grid blockart-grid-3\"><div class=\"blockart-image-wrapper\"><figure class=\"blockart-image\"><img decoding=\"async\" class=\"\" src=\"https:\/\/budorem.com\/wp-content\/uploads\/2026\/02\/FAMILIARIS-V_wiz-4_gotowe.jpg\" alt=\"\"\/><\/figure><\/div><div class=\"blockart-image-wrapper\"><figure class=\"blockart-image\"><img decoding=\"async\" class=\"\" src=\"https:\/\/budorem.com\/wp-content\/uploads\/2026\/02\/FAMILIARIS-V_wiz-1_gotowe.jpg\" alt=\"\"\/><\/figure><\/div><div class=\"blockart-image-wrapper\"><figure class=\"blockart-image\"><img decoding=\"async\" class=\"\" src=\"https:\/\/budorem.com\/wp-content\/uploads\/2026\/02\/Sypialnia_3.1.jpg\" alt=\"\"\/><\/figure><\/div><div class=\"blockart-image-wrapper\"><figure class=\"blockart-image\"><img decoding=\"async\" class=\"\" src=\"https:\/\/budorem.com\/wp-content\/uploads\/2026\/02\/Salon-z-jadalnia_6.jpg\" alt=\"\"\/><\/figure><\/div><div class=\"blockart-image-wrapper\"><figure class=\"blockart-image\"><img decoding=\"async\" class=\"\" src=\"https:\/\/budorem.com\/wp-content\/uploads\/2026\/02\/Salon-z-jadalnia_4.jpg\" alt=\"\"\/><\/figure><\/div><div class=\"blockart-image-wrapper\"><figure class=\"blockart-image\"><img decoding=\"async\" class=\"\" src=\"https:\/\/budorem.com\/wp-content\/uploads\/2026\/02\/Pokoj-dziewczecy_3.jpg\" alt=\"\"\/><\/figure><\/div><div class=\"blockart-image-wrapper\"><figure class=\"blockart-image\"><img decoding=\"async\" class=\"\" src=\"https:\/\/budorem.com\/wp-content\/uploads\/2026\/02\/Kuchnia_1.jpg\" alt=\"\"\/><\/figure><\/div><div class=\"blockart-image-wrapper\"><figure class=\"blockart-image\"><img decoding=\"async\" class=\"\" src=\"https:\/\/budorem.com\/wp-content\/uploads\/2026\/02\/Kuchnia_3.jpg\" alt=\"\"\/><\/figure><\/div><div class=\"blockart-image-wrapper\"><figure class=\"blockart-image\"><img decoding=\"async\" class=\"\" src=\"https:\/\/budorem.com\/wp-content\/uploads\/2026\/02\/Lazienka_1.jpg\" alt=\"\"\/><\/figure><\/div><\/div><\/div>\n<\/div>\n\n\n\n<div class=\"blockart-buttons blockart-buttons-f4976544-08a7-40a6-8288-c02803829062 is-wrap justify-center align-center\">\n<div class=\"blockart-button blockart-button-7a646679-26cd-4cd9-9266-71d93920e8bc \"><a class=\"blockart-button-link is-custom is-style-filled\" href=\"https:\/\/budorem.com\/?page_id=1960\">WI\u0118CEJ WIZUALIZACJI<\/a><\/div>\n<\/div>\n<\/div><\/div>\n<\/div><\/div><\/div>\n","protected":false},"excerpt":{"rendered":"","protected":false},"author":1,"featured_media":0,"parent":0,"menu_order":0,"comment_status":"closed","ping_status":"closed","template":"page-templates\/pagebuilder.php","meta":{"zakra_page_container_layout":"stretched","zakra_page_sidebar_layout":"no_sidebar","zakra_remove_content_margin":false,"zakra_sidebar":"customizer","zakra_transparent_header":"customizer","zakra_logo":0,"zakra_main_header_style":"default","zakra_menu_item_color":"","zakra_menu_item_hover_color":"","zakra_menu_item_active_color":"","zakra_menu_active_style":"","zakra_page_header":true,"footnotes":""},"class_list":["post-505","page","type-page","status-publish","hentry"],"_links":{"self":[{"href":"https:\/\/budorem.com\/index.php?rest_route=\/wp\/v2\/pages\/505","targetHints":{"allow":["GET"]}}],"collection":[{"href":"https:\/\/budorem.com\/index.php?rest_route=\/wp\/v2\/pages"}],"about":[{"href":"https:\/\/budorem.com\/index.php?rest_route=\/wp\/v2\/types\/page"}],"author":[{"embeddable":true,"href":"https:\/\/budorem.com\/index.php?rest_route=\/wp\/v2\/users\/1"}],"replies":[{"embeddable":true,"href":"https:\/\/budorem.com\/index.php?rest_route=%2Fwp%2Fv2%2Fcomments&post=505"}],"version-history":[{"count":39,"href":"https:\/\/budorem.com\/index.php?rest_route=\/wp\/v2\/pages\/505\/revisions"}],"predecessor-version":[{"id":2094,"href":"https:\/\/budorem.com\/index.php?rest_route=\/wp\/v2\/pages\/505\/revisions\/2094"}],"wp:attachment":[{"href":"https:\/\/budorem.com\/index.php?rest_route=%2Fwp%2Fv2%2Fmedia&parent=505"}],"curies":[{"name":"wp","href":"https:\/\/api.w.org\/{rel}","templated":true}]}}